


{"id":79,"date":"2020-07-13T15:25:56","date_gmt":"2020-07-13T18:25:56","guid":{"rendered":"http:\/\/airjet.com.br\/?page_id=79"},"modified":"2024-09-09T15:29:26","modified_gmt":"2024-09-09T18:29:26","slug":"servicos-aereos-especializados-sae","status":"publish","type":"page","link":"https:\/\/airjet.com.br\/?page_id=79","title":{"rendered":"Servi\u00e7os A\u00e9reos Especializados (SAE)*"},"content":{"rendered":"\n<ul><li><strong>Aeropublicidade<\/strong>: A\u00e7\u00f5es de marketing inovadoras, capazes de proporcionar grande visibilidade para sua marca e experi\u00eancias inesquec\u00edveis para seus clientes.<\/li><li><strong>Aerorreportagem<\/strong>: Agilidade \u00e9 fundamental para uma boa cobertura jornal\u00edstica, especialmente aquelas que necessitam de informa\u00e7\u00f5es em tempo real e\/ou de uma vis\u00e3o panor\u00e2mica dos acontecimentos.<\/li><li><strong>Aerofotografia<\/strong>: Aerofotografias jornal\u00edsticas, publicit\u00e1rias ou art\u00edsticas.<\/li><li><strong>Aeroinspe\u00e7\u00e3o<\/strong>: Inspe\u00e7\u00e3o a\u00e9rea de oleodutos, gasodutos, linhas de alta tens\u00e3o e obras de engenharia e reflorestamento.<\/li><\/ul>\n\n\n\n<p><small><strong>*A Air Jet T\u00e1xi A\u00e9reo realiza apenas o fretamento da aeronave. O aluguel e manuseio de equipamentos extras (para grava\u00e7\u00e3o, fotografia, etc) ficam a cargo do cliente.<\/strong><\/small><\/p>\n","protected":false},"excerpt":{"rendered":"<p>Aeropublicidade: A\u00e7\u00f5es de marketing inovadoras, capazes de proporcionar grande visibilidade para sua marca e experi\u00eancias inesquec\u00edveis para seus clientes. Aerorreportagem: Agilidade \u00e9 fundamental para uma boa cobertura jornal\u00edstica, especialmente aquelas que necessitam de informa\u00e7\u00f5es em tempo real e\/ou de uma vis\u00e3o panor\u00e2mica dos acontecimentos. Aerofotografia: Aerofotografias jornal\u00edsticas, publicit\u00e1rias ou art\u00edsticas. Aeroinspe\u00e7\u00e3o: Inspe\u00e7\u00e3o a\u00e9rea de oleodutos, [&hellip;]<\/p>\n","protected":false},"author":1,"featured_media":949,"parent":0,"menu_order":0,"comment_status":"closed","ping_status":"closed","template":"","meta":[],"yoast_head":"<!-- This site is optimized with the Yoast SEO plugin v14.9 - https:\/\/yoast.com\/wordpress\/plugins\/seo\/ -->\n<meta name=\"robots\" content=\"index, follow, max-snippet:-1, max-image-preview:large, max-video-preview:-1\" \/>\n<link rel=\"canonical\" href=\"https:\/\/airjet.com.br\/?page_id=79\" \/>\n<meta property=\"og:locale\" content=\"pt_BR\" \/>\n<meta property=\"og:type\" content=\"article\" \/>\n<meta property=\"og:title\" content=\"Servi\u00e7os A\u00e9reos Especializados (SAE)* - Air Jet Taxi A\u00e9reo\" \/>\n<meta property=\"og:description\" content=\"Aeropublicidade: A\u00e7\u00f5es de marketing inovadoras, capazes de proporcionar grande visibilidade para sua marca e experi\u00eancias inesquec\u00edveis para seus clientes. Aerorreportagem: Agilidade \u00e9 fundamental para uma boa cobertura jornal\u00edstica, especialmente aquelas que necessitam de informa\u00e7\u00f5es em tempo real e\/ou de uma vis\u00e3o panor\u00e2mica dos acontecimentos. Aerofotografia: Aerofotografias jornal\u00edsticas, publicit\u00e1rias ou art\u00edsticas. Aeroinspe\u00e7\u00e3o: Inspe\u00e7\u00e3o a\u00e9rea de oleodutos, [&hellip;]\" \/>\n<meta property=\"og:url\" content=\"https:\/\/airjet.com.br\/?page_id=79\" \/>\n<meta property=\"og:site_name\" content=\"Air Jet Taxi A\u00e9reo\" \/>\n<meta property=\"article:modified_time\" content=\"2024-09-09T18:29:26+00:00\" \/>\n<meta property=\"og:image\" content=\"https:\/\/airjet.com.br\/wp-content\/uploads\/2022\/07\/H145-5-1.jpg\" \/>\n\t<meta property=\"og:image:width\" content=\"1920\" \/>\n\t<meta property=\"og:image:height\" content=\"1280\" \/>\n<meta name=\"twitter:card\" content=\"summary_large_image\" \/>\n<script type=\"application\/ld+json\" class=\"yoast-schema-graph\">{\"@context\":\"https:\/\/schema.org\",\"@graph\":[{\"@type\":\"Organization\",\"@id\":\"https:\/\/airjet.com.br\/#organization\",\"name\":\"Air Jet Taxi A\\u00e9reo\",\"url\":\"https:\/\/airjet.com.br\/\",\"sameAs\":[\"https:\/\/www.instagram.com\/airjettaxiaereo\/\"],\"logo\":{\"@type\":\"ImageObject\",\"@id\":\"https:\/\/airjet.com.br\/#logo\",\"inLanguage\":\"pt-BR\",\"url\":\"https:\/\/airjet.com.br\/wp-content\/uploads\/2020\/07\/logo-airjet.png\",\"width\":128,\"height\":47,\"caption\":\"Air Jet Taxi A\\u00e9reo\"},\"image\":{\"@id\":\"https:\/\/airjet.com.br\/#logo\"}},{\"@type\":\"WebSite\",\"@id\":\"https:\/\/airjet.com.br\/#website\",\"url\":\"https:\/\/airjet.com.br\/\",\"name\":\"Air Jet Taxi A\\u00e9reo\",\"description\":\"\",\"publisher\":{\"@id\":\"https:\/\/airjet.com.br\/#organization\"},\"potentialAction\":[{\"@type\":\"SearchAction\",\"target\":\"https:\/\/airjet.com.br\/?s={search_term_string}\",\"query-input\":\"required name=search_term_string\"}],\"inLanguage\":\"pt-BR\"},{\"@type\":\"ImageObject\",\"@id\":\"https:\/\/airjet.com.br\/?page_id=79#primaryimage\",\"inLanguage\":\"pt-BR\",\"url\":\"https:\/\/airjet.com.br\/wp-content\/uploads\/2022\/07\/H145-5-1.jpg\",\"width\":1920,\"height\":1280},{\"@type\":\"WebPage\",\"@id\":\"https:\/\/airjet.com.br\/?page_id=79#webpage\",\"url\":\"https:\/\/airjet.com.br\/?page_id=79\",\"name\":\"Servi\\u00e7os A\\u00e9reos Especializados (SAE)* - Air Jet Taxi A\\u00e9reo\",\"isPartOf\":{\"@id\":\"https:\/\/airjet.com.br\/#website\"},\"primaryImageOfPage\":{\"@id\":\"https:\/\/airjet.com.br\/?page_id=79#primaryimage\"},\"datePublished\":\"2020-07-13T18:25:56+00:00\",\"dateModified\":\"2024-09-09T18:29:26+00:00\",\"inLanguage\":\"pt-BR\",\"potentialAction\":[{\"@type\":\"ReadAction\",\"target\":[\"https:\/\/airjet.com.br\/?page_id=79\"]}]}]}<\/script>\n<!-- \/ Yoast SEO plugin. -->","_links":{"self":[{"href":"https:\/\/airjet.com.br\/index.php?rest_route=\/wp\/v2\/pages\/79"}],"collection":[{"href":"https:\/\/airjet.com.br\/index.php?rest_route=\/wp\/v2\/pages"}],"about":[{"href":"https:\/\/airjet.com.br\/index.php?rest_route=\/wp\/v2\/types\/page"}],"author":[{"embeddable":true,"href":"https:\/\/airjet.com.br\/index.php?rest_route=\/wp\/v2\/users\/1"}],"replies":[{"embeddable":true,"href":"https:\/\/airjet.com.br\/index.php?rest_route=%2Fwp%2Fv2%2Fcomments&post=79"}],"version-history":[{"count":2,"href":"https:\/\/airjet.com.br\/index.php?rest_route=\/wp\/v2\/pages\/79\/revisions"}],"predecessor-version":[{"id":200,"href":"https:\/\/airjet.com.br\/index.php?rest_route=\/wp\/v2\/pages\/79\/revisions\/200"}],"wp:featuredmedia":[{"embeddable":true,"href":"https:\/\/airjet.com.br\/index.php?rest_route=\/wp\/v2\/media\/949"}],"wp:attachment":[{"href":"https:\/\/airjet.com.br\/index.php?rest_route=%2Fwp%2Fv2%2Fmedia&parent=79"}],"curies":[{"name":"wp","href":"https:\/\/api.w.org\/{rel}","templated":true}]}}