


{"id":77,"date":"2020-07-13T15:25:24","date_gmt":"2020-07-13T18:25:24","guid":{"rendered":"http:\/\/airjet.com.br\/?page_id=77"},"modified":"2024-03-04T18:46:56","modified_gmt":"2024-03-04T21:46:56","slug":"aeromedico","status":"publish","type":"page","link":"https:\/\/airjet.com.br\/?page_id=77","title":{"rendered":"Aerom\u00e9dico"},"content":{"rendered":"\n<p>Para os servi\u00e7os de UTI a\u00e9rea, a Air Jet T\u00e1xi A\u00e9reo conta com aeronave adaptada para todo tipo de urg\u00eancia e emerg\u00eancia, equipamentos de \u00faltima gera\u00e7\u00e3o e equipe composta por m\u00e9dicos e enfermeiros especializados em transporte inter-hospitalar a\u00e9reo e terrestre.<\/p>\n","protected":false},"excerpt":{"rendered":"<p>Para os servi\u00e7os de UTI a\u00e9rea, a Air Jet T\u00e1xi A\u00e9reo conta com aeronave adaptada para todo tipo de urg\u00eancia e emerg\u00eancia, equipamentos de \u00faltima gera\u00e7\u00e3o e equipe composta por m\u00e9dicos e enfermeiros especializados em transporte inter-hospitalar a\u00e9reo e terrestre.<\/p>\n","protected":false},"author":1,"featured_media":1013,"parent":0,"menu_order":0,"comment_status":"closed","ping_status":"closed","template":"","meta":[],"yoast_head":"<!-- This site is optimized with the Yoast SEO plugin v14.9 - https:\/\/yoast.com\/wordpress\/plugins\/seo\/ -->\n<meta name=\"robots\" content=\"index, follow, max-snippet:-1, max-image-preview:large, max-video-preview:-1\" \/>\n<link rel=\"canonical\" href=\"http:\/\/airjet.com.br\/?page_id=77\" \/>\n<meta property=\"og:locale\" content=\"pt_BR\" \/>\n<meta property=\"og:type\" content=\"article\" \/>\n<meta property=\"og:title\" content=\"Aerom\u00e9dico - Air Jet Taxi A\u00e9reo\" \/>\n<meta property=\"og:description\" content=\"Para os servi\u00e7os de UTI a\u00e9rea, a Air Jet T\u00e1xi A\u00e9reo conta com aeronave adaptada para todo tipo de urg\u00eancia e emerg\u00eancia, equipamentos de \u00faltima gera\u00e7\u00e3o e equipe composta por m\u00e9dicos e enfermeiros especializados em transporte inter-hospitalar a\u00e9reo e terrestre.\" \/>\n<meta property=\"og:url\" content=\"http:\/\/airjet.com.br\/?page_id=77\" \/>\n<meta property=\"og:site_name\" content=\"Air Jet Taxi A\u00e9reo\" \/>\n<meta property=\"article:modified_time\" content=\"2024-03-04T21:46:56+00:00\" \/>\n<meta property=\"og:image\" content=\"https:\/\/airjet.com.br\/wp-content\/uploads\/2024\/03\/LEARJET-VERMELHO_EXT_AEROMEDICO_01-scaled.jpg\" \/>\n\t<meta property=\"og:image:width\" content=\"2560\" \/>\n\t<meta property=\"og:image:height\" content=\"1707\" \/>\n<meta name=\"twitter:card\" content=\"summary_large_image\" \/>\n<script type=\"application\/ld+json\" class=\"yoast-schema-graph\">{\"@context\":\"https:\/\/schema.org\",\"@graph\":[{\"@type\":\"Organization\",\"@id\":\"https:\/\/airjet.com.br\/#organization\",\"name\":\"Air Jet Taxi A\\u00e9reo\",\"url\":\"https:\/\/airjet.com.br\/\",\"sameAs\":[\"https:\/\/www.instagram.com\/airjettaxiaereo\/\"],\"logo\":{\"@type\":\"ImageObject\",\"@id\":\"https:\/\/airjet.com.br\/#logo\",\"inLanguage\":\"pt-BR\",\"url\":\"https:\/\/airjet.com.br\/wp-content\/uploads\/2020\/07\/logo-airjet.png\",\"width\":128,\"height\":47,\"caption\":\"Air Jet Taxi A\\u00e9reo\"},\"image\":{\"@id\":\"https:\/\/airjet.com.br\/#logo\"}},{\"@type\":\"WebSite\",\"@id\":\"https:\/\/airjet.com.br\/#website\",\"url\":\"https:\/\/airjet.com.br\/\",\"name\":\"Air Jet Taxi A\\u00e9reo\",\"description\":\"\",\"publisher\":{\"@id\":\"https:\/\/airjet.com.br\/#organization\"},\"potentialAction\":[{\"@type\":\"SearchAction\",\"target\":\"https:\/\/airjet.com.br\/?s={search_term_string}\",\"query-input\":\"required name=search_term_string\"}],\"inLanguage\":\"pt-BR\"},{\"@type\":\"ImageObject\",\"@id\":\"http:\/\/airjet.com.br\/?page_id=77#primaryimage\",\"inLanguage\":\"pt-BR\",\"url\":\"https:\/\/airjet.com.br\/wp-content\/uploads\/2024\/03\/LEARJET-VERMELHO_EXT_AEROMEDICO_01-scaled.jpg\",\"width\":2560,\"height\":1707},{\"@type\":\"WebPage\",\"@id\":\"http:\/\/airjet.com.br\/?page_id=77#webpage\",\"url\":\"http:\/\/airjet.com.br\/?page_id=77\",\"name\":\"Aerom\\u00e9dico - Air Jet Taxi A\\u00e9reo\",\"isPartOf\":{\"@id\":\"https:\/\/airjet.com.br\/#website\"},\"primaryImageOfPage\":{\"@id\":\"http:\/\/airjet.com.br\/?page_id=77#primaryimage\"},\"datePublished\":\"2020-07-13T18:25:24+00:00\",\"dateModified\":\"2024-03-04T21:46:56+00:00\",\"inLanguage\":\"pt-BR\",\"potentialAction\":[{\"@type\":\"ReadAction\",\"target\":[\"http:\/\/airjet.com.br\/?page_id=77\"]}]}]}<\/script>\n<!-- \/ Yoast SEO plugin. -->","_links":{"self":[{"href":"https:\/\/airjet.com.br\/index.php?rest_route=\/wp\/v2\/pages\/77"}],"collection":[{"href":"https:\/\/airjet.com.br\/index.php?rest_route=\/wp\/v2\/pages"}],"about":[{"href":"https:\/\/airjet.com.br\/index.php?rest_route=\/wp\/v2\/types\/page"}],"author":[{"embeddable":true,"href":"https:\/\/airjet.com.br\/index.php?rest_route=\/wp\/v2\/users\/1"}],"replies":[{"embeddable":true,"href":"https:\/\/airjet.com.br\/index.php?rest_route=%2Fwp%2Fv2%2Fcomments&post=77"}],"version-history":[{"count":3,"href":"https:\/\/airjet.com.br\/index.php?rest_route=\/wp\/v2\/pages\/77\/revisions"}],"predecessor-version":[{"id":995,"href":"https:\/\/airjet.com.br\/index.php?rest_route=\/wp\/v2\/pages\/77\/revisions\/995"}],"wp:featuredmedia":[{"embeddable":true,"href":"https:\/\/airjet.com.br\/index.php?rest_route=\/wp\/v2\/media\/1013"}],"wp:attachment":[{"href":"https:\/\/airjet.com.br\/index.php?rest_route=%2Fwp%2Fv2%2Fmedia&parent=77"}],"curies":[{"name":"wp","href":"https:\/\/api.w.org\/{rel}","templated":true}]}}