


{"id":75,"date":"2020-07-13T15:22:39","date_gmt":"2020-07-13T18:22:39","guid":{"rendered":"http:\/\/airjet.com.br\/?page_id=75"},"modified":"2021-08-24T16:12:36","modified_gmt":"2021-08-24T19:12:36","slug":"localizacao","status":"publish","type":"page","link":"https:\/\/airjet.com.br\/?page_id=75","title":{"rendered":"Localiza\u00e7\u00e3o"},"content":{"rendered":"\n<p>A base da Air Jet T\u00e1xi A\u00e9reo est\u00e1 estrategicamente localizada no Aeroporto Campo de Marte, em frente ao Centro de Conven\u00e7\u00f5es do Anhembi, em S\u00e3o Paulo. Sua localiza\u00e7\u00e3o permite f\u00e1cil acesso \u00e0 Marginal do Tiet\u00ea e ao corredor norte-sul, uma das mais importantes vias de tr\u00e2nsito da cidade.<\/p>\n\n\n\n<iframe src=\"https:\/\/www.google.com\/maps\/embed?pb=!1m18!1m12!1m3!1d3658.550251507965!2d-46.637115535023156!3d-23.512703684707045!2m3!1f0!2f0!3f0!3m2!1i1024!2i768!4f13.1!3m3!1m2!1s0x94cef62968efd3ff%3A0xe64fad756f13f618!2zQWlyIEpldCBUw6F4aSBBw6lyZW8!5e0!3m2!1spt-BR!2sbr!4v1521485045626\" width=\"100%\" frameborder=\"0\" style=\"border:0\" allowfullscreen=\"\"><\/iframe>\n","protected":false},"excerpt":{"rendered":"<p>A base da Air Jet T\u00e1xi A\u00e9reo est\u00e1 estrategicamente localizada no Aeroporto Campo de Marte, em frente ao Centro de Conven\u00e7\u00f5es do Anhembi, em S\u00e3o Paulo. Sua localiza\u00e7\u00e3o permite f\u00e1cil acesso \u00e0 Marginal do Tiet\u00ea e ao corredor norte-sul, uma das mais importantes vias de tr\u00e2nsito da cidade.<\/p>\n","protected":false},"author":1,"featured_media":865,"parent":0,"menu_order":0,"comment_status":"closed","ping_status":"closed","template":"","meta":[],"yoast_head":"<!-- This site is optimized with the Yoast SEO plugin v14.9 - https:\/\/yoast.com\/wordpress\/plugins\/seo\/ -->\n<meta name=\"robots\" content=\"index, follow, max-snippet:-1, max-image-preview:large, max-video-preview:-1\" \/>\n<link rel=\"canonical\" href=\"http:\/\/airjet.com.br\/?page_id=75\" \/>\n<meta property=\"og:locale\" content=\"pt_BR\" \/>\n<meta property=\"og:type\" content=\"article\" \/>\n<meta property=\"og:title\" content=\"Localiza\u00e7\u00e3o - Air Jet Taxi A\u00e9reo\" \/>\n<meta property=\"og:description\" content=\"A base da Air Jet T\u00e1xi A\u00e9reo est\u00e1 estrategicamente localizada no Aeroporto Campo de Marte, em frente ao Centro de Conven\u00e7\u00f5es do Anhembi, em S\u00e3o Paulo. Sua localiza\u00e7\u00e3o permite f\u00e1cil acesso \u00e0 Marginal do Tiet\u00ea e ao corredor norte-sul, uma das mais importantes vias de tr\u00e2nsito da cidade.\" \/>\n<meta property=\"og:url\" content=\"http:\/\/airjet.com.br\/?page_id=75\" \/>\n<meta property=\"og:site_name\" content=\"Air Jet Taxi A\u00e9reo\" \/>\n<meta property=\"article:modified_time\" content=\"2021-08-24T19:12:36+00:00\" \/>\n<meta property=\"og:image\" content=\"https:\/\/airjet.com.br\/wp-content\/uploads\/2021\/08\/banner_airjet_2-1024x384.png\" \/>\n\t<meta property=\"og:image:width\" content=\"1024\" \/>\n\t<meta property=\"og:image:height\" content=\"384\" \/>\n<meta name=\"twitter:card\" content=\"summary_large_image\" \/>\n<script type=\"application\/ld+json\" class=\"yoast-schema-graph\">{\"@context\":\"https:\/\/schema.org\",\"@graph\":[{\"@type\":\"Organization\",\"@id\":\"https:\/\/airjet.com.br\/#organization\",\"name\":\"Air Jet Taxi A\\u00e9reo\",\"url\":\"https:\/\/airjet.com.br\/\",\"sameAs\":[\"https:\/\/www.instagram.com\/airjettaxiaereo\/\"],\"logo\":{\"@type\":\"ImageObject\",\"@id\":\"https:\/\/airjet.com.br\/#logo\",\"inLanguage\":\"pt-BR\",\"url\":\"https:\/\/airjet.com.br\/wp-content\/uploads\/2020\/07\/logo-airjet.png\",\"width\":128,\"height\":47,\"caption\":\"Air Jet Taxi A\\u00e9reo\"},\"image\":{\"@id\":\"https:\/\/airjet.com.br\/#logo\"}},{\"@type\":\"WebSite\",\"@id\":\"https:\/\/airjet.com.br\/#website\",\"url\":\"https:\/\/airjet.com.br\/\",\"name\":\"Air Jet Taxi A\\u00e9reo\",\"description\":\"\",\"publisher\":{\"@id\":\"https:\/\/airjet.com.br\/#organization\"},\"potentialAction\":[{\"@type\":\"SearchAction\",\"target\":\"https:\/\/airjet.com.br\/?s={search_term_string}\",\"query-input\":\"required name=search_term_string\"}],\"inLanguage\":\"pt-BR\"},{\"@type\":\"ImageObject\",\"@id\":\"http:\/\/airjet.com.br\/?page_id=75#primaryimage\",\"inLanguage\":\"pt-BR\",\"url\":\"https:\/\/airjet.com.br\/wp-content\/uploads\/2021\/08\/banner_airjet_2.png\",\"width\":1920,\"height\":720},{\"@type\":\"WebPage\",\"@id\":\"http:\/\/airjet.com.br\/?page_id=75#webpage\",\"url\":\"http:\/\/airjet.com.br\/?page_id=75\",\"name\":\"Localiza\\u00e7\\u00e3o - Air Jet Taxi A\\u00e9reo\",\"isPartOf\":{\"@id\":\"https:\/\/airjet.com.br\/#website\"},\"primaryImageOfPage\":{\"@id\":\"http:\/\/airjet.com.br\/?page_id=75#primaryimage\"},\"datePublished\":\"2020-07-13T18:22:39+00:00\",\"dateModified\":\"2021-08-24T19:12:36+00:00\",\"inLanguage\":\"pt-BR\",\"potentialAction\":[{\"@type\":\"ReadAction\",\"target\":[\"http:\/\/airjet.com.br\/?page_id=75\"]}]}]}<\/script>\n<!-- \/ Yoast SEO plugin. -->","_links":{"self":[{"href":"https:\/\/airjet.com.br\/index.php?rest_route=\/wp\/v2\/pages\/75"}],"collection":[{"href":"https:\/\/airjet.com.br\/index.php?rest_route=\/wp\/v2\/pages"}],"about":[{"href":"https:\/\/airjet.com.br\/index.php?rest_route=\/wp\/v2\/types\/page"}],"author":[{"embeddable":true,"href":"https:\/\/airjet.com.br\/index.php?rest_route=\/wp\/v2\/users\/1"}],"replies":[{"embeddable":true,"href":"https:\/\/airjet.com.br\/index.php?rest_route=%2Fwp%2Fv2%2Fcomments&post=75"}],"version-history":[{"count":4,"href":"https:\/\/airjet.com.br\/index.php?rest_route=\/wp\/v2\/pages\/75\/revisions"}],"predecessor-version":[{"id":870,"href":"https:\/\/airjet.com.br\/index.php?rest_route=\/wp\/v2\/pages\/75\/revisions\/870"}],"wp:featuredmedia":[{"embeddable":true,"href":"https:\/\/airjet.com.br\/index.php?rest_route=\/wp\/v2\/media\/865"}],"wp:attachment":[{"href":"https:\/\/airjet.com.br\/index.php?rest_route=%2Fwp%2Fv2%2Fmedia&parent=75"}],"curies":[{"name":"wp","href":"https:\/\/api.w.org\/{rel}","templated":true}]}}