


{"id":577,"date":"2021-04-15T18:23:20","date_gmt":"2021-04-15T21:23:20","guid":{"rendered":"http:\/\/airjet.com.br\/?page_id=577"},"modified":"2025-09-19T15:51:10","modified_gmt":"2025-09-19T18:51:10","slug":"certificacoes-homologacoes","status":"publish","type":"page","link":"https:\/\/airjet.com.br\/?page_id=577","title":{"rendered":"Certifica\u00e7\u00f5es &#8211; Homologa\u00e7\u00f5es"},"content":{"rendered":"\n<div style=\"height:20px\" aria-hidden=\"true\" class=\"wp-block-spacer\"><\/div>\n\n\n\n<div class=\"wp-block-group alignwide\"><div class=\"wp-block-group__inner-container\"><\/div><\/div>\n\n\n\n<div class=\"wp-block-media-text alignwide is-stacked-on-mobile is-vertically-aligned-top\" style=\"grid-template-columns:21% auto\"><figure class=\"wp-block-media-text__media\"><img loading=\"lazy\" width=\"940\" height=\"711\" src=\"http:\/\/airjet.com.br\/wp-content\/uploads\/2021\/04\/img-argus-5.png\" alt=\"\" class=\"wp-image-815\" srcset=\"https:\/\/airjet.com.br\/wp-content\/uploads\/2021\/04\/img-argus-5.png 940w, https:\/\/airjet.com.br\/wp-content\/uploads\/2021\/04\/img-argus-5-300x227.png 300w, https:\/\/airjet.com.br\/wp-content\/uploads\/2021\/04\/img-argus-5-768x581.png 768w\" sizes=\"(max-width: 940px) 100vw, 940px\" \/><\/figure><div class=\"wp-block-media-text__content\">\n<p>A Certifica\u00e7\u00e3o ARGUS \u00e9 um dos mais importantes certificados da \u00e1rea de fretamento de aeronaves executivas no mundo. Essa certifica\u00e7\u00e3o permite que empres\u00e1rios do mundo inteiro possam ter informa\u00e7\u00f5es o suficiente para um fretamento de qualidade e seguro.<\/p>\n<\/div><\/div>\n\n\n\n<div style=\"height:60px\" aria-hidden=\"true\" class=\"wp-block-spacer\"><\/div>\n\n\n\n<div class=\"wp-block-media-text alignwide is-stacked-on-mobile is-vertically-aligned-top\" style=\"grid-template-columns:21% auto\"><figure class=\"wp-block-media-text__media\"><img loading=\"lazy\" width=\"379\" height=\"358\" src=\"http:\/\/airjet.com.br\/wp-content\/uploads\/2021\/04\/img-anac.png\" alt=\"\" class=\"wp-image-588\" srcset=\"https:\/\/airjet.com.br\/wp-content\/uploads\/2021\/04\/img-anac.png 379w, https:\/\/airjet.com.br\/wp-content\/uploads\/2021\/04\/img-anac-300x283.png 300w\" sizes=\"(max-width: 379px) 100vw, 379px\" \/><\/figure><div class=\"wp-block-media-text__content\">\n<p>Somos devidamente autorizados a operar como t\u00e1xi-a\u00e9reo pela Ag\u00eancia Nacional de Avia\u00e7\u00e3o Civil (ANAC). Nossos clientes podem utilizar o aplicativo VOE SEGURO, que tem como objetivo disponibilizar \u00e0s empresas autorizadas e aeronaves aptas para fretamento.<br><br>Veja mais <a rel=\"noreferrer noopener\" href=\"https:\/\/sistemas.anac.gov.br\/voeseguro\/\" target=\"_blank\">aqui<\/a><br><\/p>\n<\/div><\/div>\n\n\n\n<div style=\"height:80px\" aria-hidden=\"true\" class=\"wp-block-spacer\"><\/div>\n\n\n\n<div class=\"wp-block-media-text alignwide is-stacked-on-mobile is-vertically-aligned-top\" style=\"grid-template-columns:23% auto\"><figure class=\"wp-block-media-text__media\"><img loading=\"lazy\" width=\"300\" height=\"103\" src=\"http:\/\/airjet.com.br\/wp-content\/uploads\/2021\/04\/img-EASA-4.jpg\" alt=\"\" class=\"wp-image-795\"\/><\/figure><div class=\"wp-block-media-text__content\">\n<p>Somos autorizados pela Ag\u00eancia Europeia para a Seguran\u00e7a da Avia\u00e7\u00e3o (EASA), a operar como t\u00e1xi a\u00e9reo na Uni\u00e3o Europeia (UE). Seguimos os mais elevados padr\u00f5es de seguran\u00e7a e prote\u00e7\u00e3o ambiental na avia\u00e7\u00e3o civil da UE.&nbsp;<\/p>\n\n\n\n<p>Saiba mais <a rel=\"noreferrer noopener\" href=\"https:\/\/tco.easa.europa.eu\/\" target=\"_blank\">aqui<\/a><\/p>\n\n\n\n<p><\/p>\n<\/div><\/div>\n\n\n\n<div class=\"wp-block-media-text alignwide is-stacked-on-mobile is-vertically-aligned-top\" style=\"grid-template-columns:20% auto\"><figure class=\"wp-block-media-text__media\"><img loading=\"lazy\" width=\"1024\" height=\"1024\" src=\"https:\/\/airjet.com.br\/wp-content\/uploads\/2025\/09\/selo_is_bao_jp-1024x1024.jpg\" alt=\"\" class=\"wp-image-1061\" srcset=\"https:\/\/airjet.com.br\/wp-content\/uploads\/2025\/09\/selo_is_bao_jp-1024x1024.jpg 1024w, https:\/\/airjet.com.br\/wp-content\/uploads\/2025\/09\/selo_is_bao_jp-300x300.jpg 300w, https:\/\/airjet.com.br\/wp-content\/uploads\/2025\/09\/selo_is_bao_jp-150x150.jpg 150w, https:\/\/airjet.com.br\/wp-content\/uploads\/2025\/09\/selo_is_bao_jp-768x768.jpg 768w, https:\/\/airjet.com.br\/wp-content\/uploads\/2025\/09\/selo_is_bao_jp.jpg 1080w\" sizes=\"(max-width: 1024px) 100vw, 1024px\" \/><\/figure><div class=\"wp-block-media-text__content\">\n<p><\/p>\n\n\n\n<p><\/p>\n\n\n\n<p><\/p>\n\n\n\n<p>Somos certificados pelo IS-BAO (International Standard for Business Aircraft Operations), selo internacional concedido pelo International Business Aviation Council (IBAC), que atesta a excel\u00eancia e a seguran\u00e7a de nossas opera\u00e7\u00f5es na avia\u00e7\u00e3o executiva. Esse reconhecimento global confirma que seguimos rigorosos padr\u00f5es de qualidade e padroniza\u00e7\u00e3o operacional, refor\u00e7ando a confiabilidade e a solidez de nossos servi\u00e7os.<\/p>\n\n\n\n<p><\/p>\n\n\n\n<p><\/p>\n\n\n\n<p><\/p>\n\n\n\n<p><\/p>\n\n\n\n<p><\/p>\n<\/div><\/div>\n","protected":false},"excerpt":{"rendered":"<p>A Certifica\u00e7\u00e3o ARGUS \u00e9 um dos mais importantes certificados da \u00e1rea de fretamento de aeronaves executivas no mundo. Essa certifica\u00e7\u00e3o permite que empres\u00e1rios do mundo inteiro possam ter informa\u00e7\u00f5es o suficiente para um fretamento de qualidade e seguro. Somos devidamente autorizados a operar como t\u00e1xi-a\u00e9reo pela Ag\u00eancia Nacional de Avia\u00e7\u00e3o Civil (ANAC). Nossos clientes podem [&hellip;]<\/p>\n","protected":false},"author":5,"featured_media":1011,"parent":0,"menu_order":0,"comment_status":"closed","ping_status":"closed","template":"","meta":[],"yoast_head":"<!-- This site is optimized with the Yoast SEO plugin v14.9 - https:\/\/yoast.com\/wordpress\/plugins\/seo\/ -->\n<meta name=\"robots\" content=\"index, follow, max-snippet:-1, max-image-preview:large, max-video-preview:-1\" \/>\n<link rel=\"canonical\" href=\"https:\/\/airjet.com.br\/?page_id=577\" \/>\n<meta property=\"og:locale\" content=\"pt_BR\" \/>\n<meta property=\"og:type\" content=\"article\" \/>\n<meta property=\"og:title\" content=\"Certifica\u00e7\u00f5es - Homologa\u00e7\u00f5es - Air Jet Taxi A\u00e9reo\" \/>\n<meta property=\"og:description\" content=\"A Certifica\u00e7\u00e3o ARGUS \u00e9 um dos mais importantes certificados da \u00e1rea de fretamento de aeronaves executivas no mundo. Essa certifica\u00e7\u00e3o permite que empres\u00e1rios do mundo inteiro possam ter informa\u00e7\u00f5es o suficiente para um fretamento de qualidade e seguro. Somos devidamente autorizados a operar como t\u00e1xi-a\u00e9reo pela Ag\u00eancia Nacional de Avia\u00e7\u00e3o Civil (ANAC). Nossos clientes podem [&hellip;]\" \/>\n<meta property=\"og:url\" content=\"https:\/\/airjet.com.br\/?page_id=577\" \/>\n<meta property=\"og:site_name\" content=\"Air Jet Taxi A\u00e9reo\" \/>\n<meta property=\"article:modified_time\" content=\"2025-09-19T18:51:10+00:00\" \/>\n<meta property=\"og:image\" content=\"https:\/\/airjet.com.br\/wp-content\/uploads\/2024\/03\/LEARJET-VERMELHO_EXTERNA_03-scaled.jpg\" \/>\n\t<meta property=\"og:image:width\" content=\"2560\" \/>\n\t<meta property=\"og:image:height\" content=\"1710\" \/>\n<meta name=\"twitter:card\" content=\"summary_large_image\" \/>\n<script type=\"application\/ld+json\" class=\"yoast-schema-graph\">{\"@context\":\"https:\/\/schema.org\",\"@graph\":[{\"@type\":\"Organization\",\"@id\":\"https:\/\/airjet.com.br\/#organization\",\"name\":\"Air Jet Taxi A\\u00e9reo\",\"url\":\"https:\/\/airjet.com.br\/\",\"sameAs\":[\"https:\/\/www.instagram.com\/airjettaxiaereo\/\"],\"logo\":{\"@type\":\"ImageObject\",\"@id\":\"https:\/\/airjet.com.br\/#logo\",\"inLanguage\":\"pt-BR\",\"url\":\"https:\/\/airjet.com.br\/wp-content\/uploads\/2020\/07\/logo-airjet.png\",\"width\":128,\"height\":47,\"caption\":\"Air Jet Taxi A\\u00e9reo\"},\"image\":{\"@id\":\"https:\/\/airjet.com.br\/#logo\"}},{\"@type\":\"WebSite\",\"@id\":\"https:\/\/airjet.com.br\/#website\",\"url\":\"https:\/\/airjet.com.br\/\",\"name\":\"Air Jet Taxi A\\u00e9reo\",\"description\":\"\",\"publisher\":{\"@id\":\"https:\/\/airjet.com.br\/#organization\"},\"potentialAction\":[{\"@type\":\"SearchAction\",\"target\":\"https:\/\/airjet.com.br\/?s={search_term_string}\",\"query-input\":\"required name=search_term_string\"}],\"inLanguage\":\"pt-BR\"},{\"@type\":\"ImageObject\",\"@id\":\"https:\/\/airjet.com.br\/?page_id=577#primaryimage\",\"inLanguage\":\"pt-BR\",\"url\":\"https:\/\/airjet.com.br\/wp-content\/uploads\/2024\/03\/LEARJET-VERMELHO_EXTERNA_03-scaled.jpg\",\"width\":2560,\"height\":1710},{\"@type\":\"WebPage\",\"@id\":\"https:\/\/airjet.com.br\/?page_id=577#webpage\",\"url\":\"https:\/\/airjet.com.br\/?page_id=577\",\"name\":\"Certifica\\u00e7\\u00f5es - Homologa\\u00e7\\u00f5es - Air Jet Taxi A\\u00e9reo\",\"isPartOf\":{\"@id\":\"https:\/\/airjet.com.br\/#website\"},\"primaryImageOfPage\":{\"@id\":\"https:\/\/airjet.com.br\/?page_id=577#primaryimage\"},\"datePublished\":\"2021-04-15T21:23:20+00:00\",\"dateModified\":\"2025-09-19T18:51:10+00:00\",\"inLanguage\":\"pt-BR\",\"potentialAction\":[{\"@type\":\"ReadAction\",\"target\":[\"https:\/\/airjet.com.br\/?page_id=577\"]}]}]}<\/script>\n<!-- \/ Yoast SEO plugin. -->","_links":{"self":[{"href":"https:\/\/airjet.com.br\/index.php?rest_route=\/wp\/v2\/pages\/577"}],"collection":[{"href":"https:\/\/airjet.com.br\/index.php?rest_route=\/wp\/v2\/pages"}],"about":[{"href":"https:\/\/airjet.com.br\/index.php?rest_route=\/wp\/v2\/types\/page"}],"author":[{"embeddable":true,"href":"https:\/\/airjet.com.br\/index.php?rest_route=\/wp\/v2\/users\/5"}],"replies":[{"embeddable":true,"href":"https:\/\/airjet.com.br\/index.php?rest_route=%2Fwp%2Fv2%2Fcomments&post=577"}],"version-history":[{"count":92,"href":"https:\/\/airjet.com.br\/index.php?rest_route=\/wp\/v2\/pages\/577\/revisions"}],"predecessor-version":[{"id":1068,"href":"https:\/\/airjet.com.br\/index.php?rest_route=\/wp\/v2\/pages\/577\/revisions\/1068"}],"wp:featuredmedia":[{"embeddable":true,"href":"https:\/\/airjet.com.br\/index.php?rest_route=\/wp\/v2\/media\/1011"}],"wp:attachment":[{"href":"https:\/\/airjet.com.br\/index.php?rest_route=%2Fwp%2Fv2%2Fmedia&parent=577"}],"curies":[{"name":"wp","href":"https:\/\/api.w.org\/{rel}","templated":true}]}}