


{"id":54,"date":"2020-07-10T16:53:25","date_gmt":"2020-07-10T19:53:25","guid":{"rendered":"http:\/\/airjet.com.br\/?page_id=54"},"modified":"2024-03-04T18:40:57","modified_gmt":"2024-03-04T21:40:57","slug":"diferenciais","status":"publish","type":"page","link":"https:\/\/airjet.com.br\/?page_id=54","title":{"rendered":"Diferenciais"},"content":{"rendered":"\n<ul><li><strong>Versatilidade:<\/strong>&nbsp;aeronaves capazes de atender a diferentes miss\u00f5es.<\/li><li><strong>Comandantes experientes<\/strong>: comandantes treinados anualmente em simuladores homologados no exterior.<\/li><li><strong>Atendimento personalizado:<\/strong>&nbsp;servi\u00e7o planejado para atender a cada necessidade e superar as expectativas do passageiro, desde o primeiro contato at\u00e9 o destino final.<\/li><li><strong>Seguran\u00e7a:<\/strong>&nbsp;cumprimos, rigorosamente, as normas estabelecidas pela Ag\u00eancia Nacional de Avia\u00e7\u00e3o Civil (ANAC); somos homologados para a presta\u00e7\u00e3o dos servi\u00e7os de t\u00e1xi a\u00e9reo, transporte aerom\u00e9dico e SAE; aeronaves passam por manuten\u00e7\u00e3o em oficinas de ponta, devidamente homologadas pela ANAC.<\/li><\/ul>\n\n\n\n<p><br>Assista, a seguir, ao nosso v\u00eddeo de seguran\u00e7a.<\/p>\n\n\n\n<figure class=\"wp-block-embed-youtube alignwide wp-block-embed is-type-video is-provider-youtube wp-embed-aspect-16-9 wp-has-aspect-ratio\"><div class=\"wp-block-embed__wrapper\">\n<iframe title=\"V\u00eddeo de Seguran\u00e7a\" width=\"500\" height=\"281\" src=\"https:\/\/www.youtube.com\/embed\/hRt7NpkD6fk?feature=oembed\" frameborder=\"0\" allow=\"accelerometer; autoplay; clipboard-write; encrypted-media; gyroscope; picture-in-picture; web-share\" allowfullscreen><\/iframe>\n<\/div><\/figure>\n","protected":false},"excerpt":{"rendered":"<p>Versatilidade:&nbsp;aeronaves capazes de atender a diferentes miss\u00f5es. Comandantes experientes: comandantes treinados anualmente em simuladores homologados no exterior. Atendimento personalizado:&nbsp;servi\u00e7o planejado para atender a cada necessidade e superar as expectativas do passageiro, desde o primeiro contato at\u00e9 o destino final. Seguran\u00e7a:&nbsp;cumprimos, rigorosamente, as normas estabelecidas pela Ag\u00eancia Nacional de Avia\u00e7\u00e3o Civil (ANAC); somos homologados para a [&hellip;]<\/p>\n","protected":false},"author":1,"featured_media":1009,"parent":0,"menu_order":0,"comment_status":"closed","ping_status":"closed","template":"","meta":[],"yoast_head":"<!-- This site is optimized with the Yoast SEO plugin v14.9 - https:\/\/yoast.com\/wordpress\/plugins\/seo\/ -->\n<meta name=\"robots\" content=\"index, follow, max-snippet:-1, max-image-preview:large, max-video-preview:-1\" \/>\n<link rel=\"canonical\" href=\"http:\/\/airjet.com.br\/?page_id=54\" \/>\n<meta property=\"og:locale\" content=\"pt_BR\" \/>\n<meta property=\"og:type\" content=\"article\" \/>\n<meta property=\"og:title\" content=\"Diferenciais - Air Jet Taxi A\u00e9reo\" \/>\n<meta property=\"og:description\" content=\"Versatilidade:&nbsp;aeronaves capazes de atender a diferentes miss\u00f5es. Comandantes experientes: comandantes treinados anualmente em simuladores homologados no exterior. Atendimento personalizado:&nbsp;servi\u00e7o planejado para atender a cada necessidade e superar as expectativas do passageiro, desde o primeiro contato at\u00e9 o destino final. Seguran\u00e7a:&nbsp;cumprimos, rigorosamente, as normas estabelecidas pela Ag\u00eancia Nacional de Avia\u00e7\u00e3o Civil (ANAC); somos homologados para a [&hellip;]\" \/>\n<meta property=\"og:url\" content=\"http:\/\/airjet.com.br\/?page_id=54\" \/>\n<meta property=\"og:site_name\" content=\"Air Jet Taxi A\u00e9reo\" \/>\n<meta property=\"article:modified_time\" content=\"2024-03-04T21:40:57+00:00\" \/>\n<meta property=\"og:image\" content=\"https:\/\/airjet.com.br\/wp-content\/uploads\/2024\/03\/GLOBAL_EXECUTIVO_INT_03-scaled.jpg\" \/>\n\t<meta property=\"og:image:width\" content=\"2560\" \/>\n\t<meta property=\"og:image:height\" content=\"1710\" \/>\n<meta name=\"twitter:card\" content=\"summary_large_image\" \/>\n<script type=\"application\/ld+json\" class=\"yoast-schema-graph\">{\"@context\":\"https:\/\/schema.org\",\"@graph\":[{\"@type\":\"Organization\",\"@id\":\"https:\/\/airjet.com.br\/#organization\",\"name\":\"Air Jet Taxi A\\u00e9reo\",\"url\":\"https:\/\/airjet.com.br\/\",\"sameAs\":[\"https:\/\/www.instagram.com\/airjettaxiaereo\/\"],\"logo\":{\"@type\":\"ImageObject\",\"@id\":\"https:\/\/airjet.com.br\/#logo\",\"inLanguage\":\"pt-BR\",\"url\":\"https:\/\/airjet.com.br\/wp-content\/uploads\/2020\/07\/logo-airjet.png\",\"width\":128,\"height\":47,\"caption\":\"Air Jet Taxi A\\u00e9reo\"},\"image\":{\"@id\":\"https:\/\/airjet.com.br\/#logo\"}},{\"@type\":\"WebSite\",\"@id\":\"https:\/\/airjet.com.br\/#website\",\"url\":\"https:\/\/airjet.com.br\/\",\"name\":\"Air Jet Taxi A\\u00e9reo\",\"description\":\"\",\"publisher\":{\"@id\":\"https:\/\/airjet.com.br\/#organization\"},\"potentialAction\":[{\"@type\":\"SearchAction\",\"target\":\"https:\/\/airjet.com.br\/?s={search_term_string}\",\"query-input\":\"required name=search_term_string\"}],\"inLanguage\":\"pt-BR\"},{\"@type\":\"ImageObject\",\"@id\":\"http:\/\/airjet.com.br\/?page_id=54#primaryimage\",\"inLanguage\":\"pt-BR\",\"url\":\"https:\/\/airjet.com.br\/wp-content\/uploads\/2024\/03\/GLOBAL_EXECUTIVO_INT_03-scaled.jpg\",\"width\":2560,\"height\":1710},{\"@type\":\"WebPage\",\"@id\":\"http:\/\/airjet.com.br\/?page_id=54#webpage\",\"url\":\"http:\/\/airjet.com.br\/?page_id=54\",\"name\":\"Diferenciais - Air Jet Taxi A\\u00e9reo\",\"isPartOf\":{\"@id\":\"https:\/\/airjet.com.br\/#website\"},\"primaryImageOfPage\":{\"@id\":\"http:\/\/airjet.com.br\/?page_id=54#primaryimage\"},\"datePublished\":\"2020-07-10T19:53:25+00:00\",\"dateModified\":\"2024-03-04T21:40:57+00:00\",\"inLanguage\":\"pt-BR\",\"potentialAction\":[{\"@type\":\"ReadAction\",\"target\":[\"http:\/\/airjet.com.br\/?page_id=54\"]}]}]}<\/script>\n<!-- \/ Yoast SEO plugin. -->","_links":{"self":[{"href":"https:\/\/airjet.com.br\/index.php?rest_route=\/wp\/v2\/pages\/54"}],"collection":[{"href":"https:\/\/airjet.com.br\/index.php?rest_route=\/wp\/v2\/pages"}],"about":[{"href":"https:\/\/airjet.com.br\/index.php?rest_route=\/wp\/v2\/types\/page"}],"author":[{"embeddable":true,"href":"https:\/\/airjet.com.br\/index.php?rest_route=\/wp\/v2\/users\/1"}],"replies":[{"embeddable":true,"href":"https:\/\/airjet.com.br\/index.php?rest_route=%2Fwp%2Fv2%2Fcomments&post=54"}],"version-history":[{"count":9,"href":"https:\/\/airjet.com.br\/index.php?rest_route=\/wp\/v2\/pages\/54\/revisions"}],"predecessor-version":[{"id":997,"href":"https:\/\/airjet.com.br\/index.php?rest_route=\/wp\/v2\/pages\/54\/revisions\/997"}],"wp:featuredmedia":[{"embeddable":true,"href":"https:\/\/airjet.com.br\/index.php?rest_route=\/wp\/v2\/media\/1009"}],"wp:attachment":[{"href":"https:\/\/airjet.com.br\/index.php?rest_route=%2Fwp%2Fv2%2Fmedia&parent=54"}],"curies":[{"name":"wp","href":"https:\/\/api.w.org\/{rel}","templated":true}]}}