


{"id":38,"date":"2020-07-08T17:27:35","date_gmt":"2020-07-08T20:27:35","guid":{"rendered":"http:\/\/airjet.com.br\/?page_id=38"},"modified":"2024-03-04T18:38:58","modified_gmt":"2024-03-04T21:38:58","slug":"quem-somos","status":"publish","type":"page","link":"https:\/\/airjet.com.br\/?page_id=38","title":{"rendered":"Quem somos"},"content":{"rendered":"\n<p>Segura, \u00e1gil, acess\u00edvel, vers\u00e1til. Essa \u00e9 a Air Jet T\u00e1xi A\u00e9reo, uma empresa que tem como princ\u00edpio o rigoroso cumprimento de todas as normas de seguran\u00e7a estabelecidas pela Ag\u00eancia Nacional de Avia\u00e7\u00e3o Civil (ANAC).<\/p>\n\n\n\n<p>Desde 2012 sob nova dire\u00e7\u00e3o, a Air Jet T\u00e1xi A\u00e9reo tem equipe capacitada para transporte a\u00e9reo executivo, aerom\u00e9dico e servi\u00e7os a\u00e9reos especializados.<\/p>\n\n\n\n<p>Cada detalhe \u00e9 cuidadosamente planejado para proporcionar a melhor experi\u00eancia de voo, de acordo com as necessidades do cliente.<\/p>\n","protected":false},"excerpt":{"rendered":"<p>Segura, \u00e1gil, acess\u00edvel, vers\u00e1til. Essa \u00e9 a Air Jet T\u00e1xi A\u00e9reo, uma empresa que tem como princ\u00edpio o rigoroso cumprimento de todas as normas de seguran\u00e7a estabelecidas pela Ag\u00eancia Nacional de Avia\u00e7\u00e3o Civil (ANAC). Desde 2012 sob nova dire\u00e7\u00e3o, a Air Jet T\u00e1xi A\u00e9reo tem equipe capacitada para transporte a\u00e9reo executivo, aerom\u00e9dico e servi\u00e7os a\u00e9reos [&hellip;]<\/p>\n","protected":false},"author":1,"featured_media":1005,"parent":0,"menu_order":0,"comment_status":"closed","ping_status":"closed","template":"","meta":[],"yoast_head":"<!-- This site is optimized with the Yoast SEO plugin v14.9 - https:\/\/yoast.com\/wordpress\/plugins\/seo\/ -->\n<meta name=\"robots\" content=\"index, follow, max-snippet:-1, max-image-preview:large, max-video-preview:-1\" \/>\n<link rel=\"canonical\" href=\"http:\/\/airjet.com.br\/?page_id=38\" \/>\n<meta property=\"og:locale\" content=\"pt_BR\" \/>\n<meta property=\"og:type\" content=\"article\" \/>\n<meta property=\"og:title\" content=\"Quem somos - Air Jet Taxi A\u00e9reo\" \/>\n<meta property=\"og:description\" content=\"Segura, \u00e1gil, acess\u00edvel, vers\u00e1til. Essa \u00e9 a Air Jet T\u00e1xi A\u00e9reo, uma empresa que tem como princ\u00edpio o rigoroso cumprimento de todas as normas de seguran\u00e7a estabelecidas pela Ag\u00eancia Nacional de Avia\u00e7\u00e3o Civil (ANAC). Desde 2012 sob nova dire\u00e7\u00e3o, a Air Jet T\u00e1xi A\u00e9reo tem equipe capacitada para transporte a\u00e9reo executivo, aerom\u00e9dico e servi\u00e7os a\u00e9reos [&hellip;]\" \/>\n<meta property=\"og:url\" content=\"http:\/\/airjet.com.br\/?page_id=38\" \/>\n<meta property=\"og:site_name\" content=\"Air Jet Taxi A\u00e9reo\" \/>\n<meta property=\"article:modified_time\" content=\"2024-03-04T21:38:58+00:00\" \/>\n<meta property=\"og:image\" content=\"https:\/\/airjet.com.br\/wp-content\/uploads\/2024\/03\/GLOBAL_EQUIPE_EXT_01-scaled.jpg\" \/>\n\t<meta property=\"og:image:width\" content=\"2560\" \/>\n\t<meta property=\"og:image:height\" content=\"1710\" \/>\n<meta name=\"twitter:card\" content=\"summary_large_image\" \/>\n<script type=\"application\/ld+json\" class=\"yoast-schema-graph\">{\"@context\":\"https:\/\/schema.org\",\"@graph\":[{\"@type\":\"Organization\",\"@id\":\"https:\/\/airjet.com.br\/#organization\",\"name\":\"Air Jet Taxi A\\u00e9reo\",\"url\":\"https:\/\/airjet.com.br\/\",\"sameAs\":[\"https:\/\/www.instagram.com\/airjettaxiaereo\/\"],\"logo\":{\"@type\":\"ImageObject\",\"@id\":\"https:\/\/airjet.com.br\/#logo\",\"inLanguage\":\"pt-BR\",\"url\":\"https:\/\/airjet.com.br\/wp-content\/uploads\/2020\/07\/logo-airjet.png\",\"width\":128,\"height\":47,\"caption\":\"Air Jet Taxi A\\u00e9reo\"},\"image\":{\"@id\":\"https:\/\/airjet.com.br\/#logo\"}},{\"@type\":\"WebSite\",\"@id\":\"https:\/\/airjet.com.br\/#website\",\"url\":\"https:\/\/airjet.com.br\/\",\"name\":\"Air Jet Taxi A\\u00e9reo\",\"description\":\"\",\"publisher\":{\"@id\":\"https:\/\/airjet.com.br\/#organization\"},\"potentialAction\":[{\"@type\":\"SearchAction\",\"target\":\"https:\/\/airjet.com.br\/?s={search_term_string}\",\"query-input\":\"required name=search_term_string\"}],\"inLanguage\":\"pt-BR\"},{\"@type\":\"ImageObject\",\"@id\":\"http:\/\/airjet.com.br\/?page_id=38#primaryimage\",\"inLanguage\":\"pt-BR\",\"url\":\"https:\/\/airjet.com.br\/wp-content\/uploads\/2024\/03\/GLOBAL_EQUIPE_EXT_01-scaled.jpg\",\"width\":2560,\"height\":1710},{\"@type\":\"WebPage\",\"@id\":\"http:\/\/airjet.com.br\/?page_id=38#webpage\",\"url\":\"http:\/\/airjet.com.br\/?page_id=38\",\"name\":\"Quem somos - Air Jet Taxi A\\u00e9reo\",\"isPartOf\":{\"@id\":\"https:\/\/airjet.com.br\/#website\"},\"primaryImageOfPage\":{\"@id\":\"http:\/\/airjet.com.br\/?page_id=38#primaryimage\"},\"datePublished\":\"2020-07-08T20:27:35+00:00\",\"dateModified\":\"2024-03-04T21:38:58+00:00\",\"inLanguage\":\"pt-BR\",\"potentialAction\":[{\"@type\":\"ReadAction\",\"target\":[\"http:\/\/airjet.com.br\/?page_id=38\"]}]}]}<\/script>\n<!-- \/ Yoast SEO plugin. -->","_links":{"self":[{"href":"https:\/\/airjet.com.br\/index.php?rest_route=\/wp\/v2\/pages\/38"}],"collection":[{"href":"https:\/\/airjet.com.br\/index.php?rest_route=\/wp\/v2\/pages"}],"about":[{"href":"https:\/\/airjet.com.br\/index.php?rest_route=\/wp\/v2\/types\/page"}],"author":[{"embeddable":true,"href":"https:\/\/airjet.com.br\/index.php?rest_route=\/wp\/v2\/users\/1"}],"replies":[{"embeddable":true,"href":"https:\/\/airjet.com.br\/index.php?rest_route=%2Fwp%2Fv2%2Fcomments&post=38"}],"version-history":[{"count":8,"href":"https:\/\/airjet.com.br\/index.php?rest_route=\/wp\/v2\/pages\/38\/revisions"}],"predecessor-version":[{"id":1008,"href":"https:\/\/airjet.com.br\/index.php?rest_route=\/wp\/v2\/pages\/38\/revisions\/1008"}],"wp:featuredmedia":[{"embeddable":true,"href":"https:\/\/airjet.com.br\/index.php?rest_route=\/wp\/v2\/media\/1005"}],"wp:attachment":[{"href":"https:\/\/airjet.com.br\/index.php?rest_route=%2Fwp%2Fv2%2Fmedia&parent=38"}],"curies":[{"name":"wp","href":"https:\/\/api.w.org\/{rel}","templated":true}]}}